{"id":938,"date":"2021-02-16T14:57:46","date_gmt":"2021-02-16T14:57:46","guid":{"rendered":"https:\/\/wolfgangleeb.at\/?page_id=938"},"modified":"2021-02-17T06:43:31","modified_gmt":"2021-02-17T06:43:31","slug":"unser-leistungsspektrum-fuer-kunden-2","status":"publish","type":"page","link":"https:\/\/wolfgangleeb.at\/?page_id=938","title":{"rendered":"Unser Leistungsspektrum  f\u00fcr Kunden"},"content":{"rendered":"\t\t<div data-elementor-type=\"wp-page\" data-elementor-id=\"938\" class=\"elementor elementor-938\" data-elementor-settings=\"[]\">\n\t\t\t\t\t\t<div class=\"elementor-inner\">\n\t\t\t\t\t\t\t<div class=\"elementor-section-wrap\">\n\t\t\t\t\t\t\t<section class=\"elementor-section elementor-top-section elementor-element elementor-element-c07db14 elementor-section-stretched elementor-section-full_width elementor-section-height-default elementor-section-height-default\" data-id=\"c07db14\" data-element_type=\"section\" data-settings=\"{&quot;stretch_section&quot;:&quot;section-stretched&quot;}\">\n\t\t\t\t\t\t<div class=\"elementor-container elementor-column-gap-default\">\n\t\t\t\t\t\t\t<div class=\"elementor-row\">\n\t\t\t\t\t<div class=\"elementor-column elementor-col-100 elementor-top-column elementor-element elementor-element-3f856b3\" data-id=\"3f856b3\" data-element_type=\"column\">\n\t\t\t<div class=\"elementor-column-wrap elementor-element-populated\">\n\t\t\t\t\t\t\t<div class=\"elementor-widget-wrap\">\n\t\t\t\t\t\t<section class=\"elementor-section elementor-inner-section elementor-element elementor-element-6487cf3 elementor-section-boxed elementor-section-height-default elementor-section-height-default\" data-id=\"6487cf3\" data-element_type=\"section\">\n\t\t\t\t\t\t<div class=\"elementor-container elementor-column-gap-default\">\n\t\t\t\t\t\t\t<div class=\"elementor-row\">\n\t\t\t\t\t<div class=\"elementor-column elementor-col-50 elementor-inner-column elementor-element elementor-element-1ddded7\" data-id=\"1ddded7\" data-element_type=\"column\">\n\t\t\t<div class=\"elementor-column-wrap elementor-element-populated\">\n\t\t\t\t\t\t\t<div class=\"elementor-widget-wrap\">\n\t\t\t\t\t\t<div class=\"elementor-element elementor-element-8a173ea elementor-widget elementor-widget-text-editor\" data-id=\"8a173ea\" data-element_type=\"widget\" data-widget_type=\"text-editor.default\">\n\t\t\t\t<div class=\"elementor-widget-container\">\n\t\t\t\t\t<div class=\"elementor-text-editor elementor-clearfix\"><p>Direktbelieferung vom Produzenten.<\/p><p>Ihr direkter deutschsprachiger Ansprechpartner in \u00d6sterreich \/ Deutschland<\/p><p>Das Vertriebsmodell von <a href=\"http:\/\/www.wolfgangleeb.at\">www.wolfgangleeb.at<\/a> garantiert dem Kunden geringste Vertriebskosten am Produkt und damit bestm\u00f6glichste Einkaufspreise.<\/p><p>Vorstellung neuer Produkte f\u00fcr m\u00f6gliche Listung und\/oder Ihre Aktionen und Promotion\u2018s.<\/p><p>Entwicklung von passenden Vermarktungskonzepten mit meinen Lieferpartnern speziell f\u00fcr Sie als meinen Kunden<\/p><p>Laufende Beobachtung der Produkte und Entwicklung von unterst\u00fctzenden Ma\u00dfnahmen gemeinsame mit dem Kunden f\u00fcr bestm\u00f6glichen Abverkauf.<\/p><p>Qualitativ hochwertige Betreuung aufgrund langj\u00e4hriger Erfahrung in den verschiedenen Handelskategorien ( siehe Wolfgang Leeb Steckbrief).<\/p><p><img loading=\"lazy\" class=\"alignnone size-medium wp-image-208\" src=\"https:\/\/wolfgangleeb.at\/wp-content\/uploads\/2020\/12\/customer-is-king-298x300.png\" alt=\"\" width=\"298\" height=\"300\" srcset=\"https:\/\/wolfgangleeb.at\/wp-content\/uploads\/2020\/12\/customer-is-king-298x300.png 298w, https:\/\/wolfgangleeb.at\/wp-content\/uploads\/2020\/12\/customer-is-king-150x150.png 150w, https:\/\/wolfgangleeb.at\/wp-content\/uploads\/2020\/12\/customer-is-king.png 350w\" sizes=\"(max-width: 298px) 100vw, 298px\" \/><\/p><\/div>\n\t\t\t\t<\/div>\n\t\t\t\t<\/div>\n\t\t\t\t\t\t<\/div>\n\t\t\t\t\t<\/div>\n\t\t<\/div>\n\t\t\t\t<div class=\"elementor-column elementor-col-50 elementor-inner-column elementor-element elementor-element-f015b31\" data-id=\"f015b31\" data-element_type=\"column\">\n\t\t\t<div class=\"elementor-column-wrap elementor-element-populated\">\n\t\t\t\t\t\t\t<div class=\"elementor-widget-wrap\">\n\t\t\t\t\t\t<div class=\"elementor-element elementor-element-0274657 elementor-widget elementor-widget-image\" data-id=\"0274657\" data-element_type=\"widget\" data-widget_type=\"image.default\">\n\t\t\t\t<div class=\"elementor-widget-container\">\n\t\t\t\t\t<div class=\"elementor-image\">\n\t\t\t\t\t\t\t\t\t\t<img width=\"500\" height=\"724\" src=\"https:\/\/wolfgangleeb.at\/wp-content\/uploads\/2020\/12\/DSC5358.jpg\" class=\"attachment-full size-full\" alt=\"\" loading=\"lazy\" srcset=\"https:\/\/wolfgangleeb.at\/wp-content\/uploads\/2020\/12\/DSC5358.jpg 500w, https:\/\/wolfgangleeb.at\/wp-content\/uploads\/2020\/12\/DSC5358-207x300.jpg 207w, https:\/\/wolfgangleeb.at\/wp-content\/uploads\/2020\/12\/DSC5358-480x695.jpg 480w\" sizes=\"(max-width: 500px) 100vw, 500px\" \/>\t\t\t\t\t\t\t\t\t\t\t<\/div>\n\t\t\t\t<\/div>\n\t\t\t\t<\/div>\n\t\t\t\t\t\t<\/div>\n\t\t\t\t\t<\/div>\n\t\t<\/div>\n\t\t\t\t\t\t\t\t<\/div>\n\t\t\t\t\t<\/div>\n\t\t<\/section>\n\t\t\t\t<section class=\"elementor-section elementor-inner-section elementor-element elementor-element-30d29ee elementor-section-boxed elementor-section-height-default elementor-section-height-default\" data-id=\"30d29ee\" data-element_type=\"section\">\n\t\t\t\t\t\t<div class=\"elementor-container elementor-column-gap-default\">\n\t\t\t\t\t\t\t<div class=\"elementor-row\">\n\t\t\t\t\t<div class=\"elementor-column elementor-col-100 elementor-inner-column elementor-element elementor-element-d37b113\" data-id=\"d37b113\" data-element_type=\"column\">\n\t\t\t<div class=\"elementor-column-wrap elementor-element-populated\">\n\t\t\t\t\t\t\t<div class=\"elementor-widget-wrap\">\n\t\t\t\t\t\t<div class=\"elementor-element elementor-element-2daed39 elementor-widget elementor-widget-text-editor\" data-id=\"2daed39\" data-element_type=\"widget\" data-widget_type=\"text-editor.default\">\n\t\t\t\t<div class=\"elementor-widget-container\">\n\t\t\t\t\t<div class=\"elementor-text-editor elementor-clearfix\"><p>KnowyourNeedings\u201c \u2013 Eink\u00e4ufer und Verk\u00e4ufer Erfahrung \u00fcber viele Jahre = <em>Ich spreche die Sprache meiner Kunden<\/em><\/p><\/div>\n\t\t\t\t<\/div>\n\t\t\t\t<\/div>\n\t\t\t\t<div class=\"elementor-element elementor-element-19c7930 elementor-widget elementor-widget-text-editor\" data-id=\"19c7930\" data-element_type=\"widget\" data-widget_type=\"text-editor.default\">\n\t\t\t\t<div class=\"elementor-widget-container\">\n\t\t\t\t\t<div class=\"elementor-text-editor elementor-clearfix\"><p>Handschlagqualit\u00e4t \u2013 \u201e<em>Vereinbart ist Vereinbart<\/em>\u201c<\/p>\n<p><em>I love what I do<\/em> &#8211; Emotion und Enthusiasmus <em>\u2013 Ich liebe Gesch\u00e4fte zu machen und ich brenne daf\u00fcr!<\/em><\/p><\/div>\n\t\t\t\t<\/div>\n\t\t\t\t<\/div>\n\t\t\t\t\t\t<\/div>\n\t\t\t\t\t<\/div>\n\t\t<\/div>\n\t\t\t\t\t\t\t\t<\/div>\n\t\t\t\t\t<\/div>\n\t\t<\/section>\n\t\t\t\t\t\t<\/div>\n\t\t\t\t\t<\/div>\n\t\t<\/div>\n\t\t\t\t\t\t\t\t<\/div>\n\t\t\t\t\t<\/div>\n\t\t<\/section>\n\t\t\t\t\t\t<\/div>\n\t\t\t\t\t\t<\/div>\n\t\t\t\t\t<\/div>\n\t\t","protected":false},"excerpt":{"rendered":"","protected":false},"author":1,"featured_media":0,"parent":0,"menu_order":0,"comment_status":"closed","ping_status":"closed","template":"","meta":[],"_links":{"self":[{"href":"https:\/\/wolfgangleeb.at\/index.php?rest_route=\/wp\/v2\/pages\/938"}],"collection":[{"href":"https:\/\/wolfgangleeb.at\/index.php?rest_route=\/wp\/v2\/pages"}],"about":[{"href":"https:\/\/wolfgangleeb.at\/index.php?rest_route=\/wp\/v2\/types\/page"}],"author":[{"embeddable":true,"href":"https:\/\/wolfgangleeb.at\/index.php?rest_route=\/wp\/v2\/users\/1"}],"replies":[{"embeddable":true,"href":"https:\/\/wolfgangleeb.at\/index.php?rest_route=%2Fwp%2Fv2%2Fcomments&post=938"}],"version-history":[{"count":1,"href":"https:\/\/wolfgangleeb.at\/index.php?rest_route=\/wp\/v2\/pages\/938\/revisions"}],"predecessor-version":[{"id":939,"href":"https:\/\/wolfgangleeb.at\/index.php?rest_route=\/wp\/v2\/pages\/938\/revisions\/939"}],"wp:attachment":[{"href":"https:\/\/wolfgangleeb.at\/index.php?rest_route=%2Fwp%2Fv2%2Fmedia&parent=938"}],"curies":[{"name":"wp","href":"https:\/\/api.w.org\/{rel}","templated":true}]}}