{"id":62,"date":"2020-08-01T08:27:15","date_gmt":"2020-08-01T08:27:15","guid":{"rendered":"https:\/\/wolfgangleeb.at\/?page_id=62"},"modified":"2021-01-30T10:30:44","modified_gmt":"2021-01-30T10:30:44","slug":"sales-vertriebsmanagement-grosshaendler","status":"publish","type":"page","link":"https:\/\/wolfgangleeb.at\/?page_id=62","title":{"rendered":"Sales &#038; Vertriebsmanagement Gro\u00dfh\u00e4ndler"},"content":{"rendered":"\t\t<div data-elementor-type=\"wp-page\" data-elementor-id=\"62\" class=\"elementor elementor-62\" data-elementor-settings=\"[]\">\n\t\t\t\t\t\t<div class=\"elementor-inner\">\n\t\t\t\t\t\t\t<div class=\"elementor-section-wrap\">\n\t\t\t\t\t\t\t<section class=\"elementor-section elementor-top-section elementor-element elementor-element-c07db14 elementor-section-stretched elementor-section-full_width elementor-section-height-default elementor-section-height-default\" data-id=\"c07db14\" data-element_type=\"section\" data-settings=\"{&quot;stretch_section&quot;:&quot;section-stretched&quot;}\">\n\t\t\t\t\t\t<div class=\"elementor-container elementor-column-gap-default\">\n\t\t\t\t\t\t\t<div class=\"elementor-row\">\n\t\t\t\t\t<div class=\"elementor-column elementor-col-100 elementor-top-column elementor-element elementor-element-3f856b3\" data-id=\"3f856b3\" data-element_type=\"column\">\n\t\t\t<div class=\"elementor-column-wrap elementor-element-populated\">\n\t\t\t\t\t\t\t<div class=\"elementor-widget-wrap\">\n\t\t\t\t\t\t<section class=\"elementor-section elementor-inner-section elementor-element elementor-element-6487cf3 elementor-section-boxed elementor-section-height-default elementor-section-height-default\" data-id=\"6487cf3\" data-element_type=\"section\">\n\t\t\t\t\t\t<div class=\"elementor-container elementor-column-gap-default\">\n\t\t\t\t\t\t\t<div class=\"elementor-row\">\n\t\t\t\t\t<div class=\"elementor-column elementor-col-50 elementor-inner-column elementor-element elementor-element-1ddded7\" data-id=\"1ddded7\" data-element_type=\"column\">\n\t\t\t<div class=\"elementor-column-wrap elementor-element-populated\">\n\t\t\t\t\t\t\t<div class=\"elementor-widget-wrap\">\n\t\t\t\t\t\t<div class=\"elementor-element elementor-element-8a173ea elementor-widget elementor-widget-text-editor\" data-id=\"8a173ea\" data-element_type=\"widget\" data-widget_type=\"text-editor.default\">\n\t\t\t\t<div class=\"elementor-widget-container\">\n\t\t\t\t\t<div class=\"elementor-text-editor elementor-clearfix\"><p>Evaluierung Vertriebsstruktur und notwendige Eigenschaften der\/des Gro\u00dfh\u00e4ndlers<\/p><p>Suche des\/der passenden Gro\u00dfh\u00e4ndler<\/p><p>Aktive Betreuung und Begleitung<\/p><p>Regelm\u00e4\u00dfige Meetings (Pr\u00e4sentation Neuheiten,\u00a0 Statusabgleich)<\/p><p>Pr\u00e4sentation bzw. Besprechung Aktionen und Aktionskonzepte<\/p><p>Kontrolle und Abgleich Status der Vertriebsaktivit\u00e4ten<\/p><\/div>\n\t\t\t\t<\/div>\n\t\t\t\t<\/div>\n\t\t\t\t\t\t<\/div>\n\t\t\t\t\t<\/div>\n\t\t<\/div>\n\t\t\t\t<div class=\"elementor-column elementor-col-50 elementor-inner-column elementor-element elementor-element-f015b31\" data-id=\"f015b31\" data-element_type=\"column\">\n\t\t\t<div class=\"elementor-column-wrap elementor-element-populated\">\n\t\t\t\t\t\t\t<div class=\"elementor-widget-wrap\">\n\t\t\t\t\t\t<div class=\"elementor-element elementor-element-0274657 elementor-widget elementor-widget-image\" data-id=\"0274657\" data-element_type=\"widget\" data-widget_type=\"image.default\">\n\t\t\t\t<div class=\"elementor-widget-container\">\n\t\t\t\t\t<div class=\"elementor-image\">\n\t\t\t\t\t\t\t\t\t\t<img width=\"500\" height=\"551\" src=\"https:\/\/wolfgangleeb.at\/wp-content\/uploads\/2020\/12\/DSC5373b.jpg\" class=\"attachment-full size-full\" alt=\"\" loading=\"lazy\" srcset=\"https:\/\/wolfgangleeb.at\/wp-content\/uploads\/2020\/12\/DSC5373b.jpg 500w, https:\/\/wolfgangleeb.at\/wp-content\/uploads\/2020\/12\/DSC5373b-272x300.jpg 272w, https:\/\/wolfgangleeb.at\/wp-content\/uploads\/2020\/12\/DSC5373b-480x529.jpg 480w\" sizes=\"(max-width: 500px) 100vw, 500px\" \/>\t\t\t\t\t\t\t\t\t\t\t<\/div>\n\t\t\t\t<\/div>\n\t\t\t\t<\/div>\n\t\t\t\t\t\t<\/div>\n\t\t\t\t\t<\/div>\n\t\t<\/div>\n\t\t\t\t\t\t\t\t<\/div>\n\t\t\t\t\t<\/div>\n\t\t<\/section>\n\t\t\t\t\t\t<\/div>\n\t\t\t\t\t<\/div>\n\t\t<\/div>\n\t\t\t\t\t\t\t\t<\/div>\n\t\t\t\t\t<\/div>\n\t\t<\/section>\n\t\t\t\t\t\t<\/div>\n\t\t\t\t\t\t<\/div>\n\t\t\t\t\t<\/div>\n\t\t","protected":false},"excerpt":{"rendered":"<p>Evaluierung Vertriebsstruktur und notwendige Eigenschaften der\/des Gro\u00dfh\u00e4ndlers Suche des\/der passenden Gro\u00dfh\u00e4ndler Aktive Betreuung und Begleitung Regelm\u00e4\u00dfige Meetings (Pr\u00e4sentation Neuheiten,\u00a0 Statusabgleich) Pr\u00e4sentation bzw. Besprechung Aktionen und Aktionskonzepte Kontrolle und Abgleich Status&hellip;<\/p>\n","protected":false},"author":1,"featured_media":0,"parent":0,"menu_order":0,"comment_status":"closed","ping_status":"closed","template":"","meta":[],"_links":{"self":[{"href":"https:\/\/wolfgangleeb.at\/index.php?rest_route=\/wp\/v2\/pages\/62"}],"collection":[{"href":"https:\/\/wolfgangleeb.at\/index.php?rest_route=\/wp\/v2\/pages"}],"about":[{"href":"https:\/\/wolfgangleeb.at\/index.php?rest_route=\/wp\/v2\/types\/page"}],"author":[{"embeddable":true,"href":"https:\/\/wolfgangleeb.at\/index.php?rest_route=\/wp\/v2\/users\/1"}],"replies":[{"embeddable":true,"href":"https:\/\/wolfgangleeb.at\/index.php?rest_route=%2Fwp%2Fv2%2Fcomments&post=62"}],"version-history":[{"count":13,"href":"https:\/\/wolfgangleeb.at\/index.php?rest_route=\/wp\/v2\/pages\/62\/revisions"}],"predecessor-version":[{"id":364,"href":"https:\/\/wolfgangleeb.at\/index.php?rest_route=\/wp\/v2\/pages\/62\/revisions\/364"}],"wp:attachment":[{"href":"https:\/\/wolfgangleeb.at\/index.php?rest_route=%2Fwp%2Fv2%2Fmedia&parent=62"}],"curies":[{"name":"wp","href":"https:\/\/api.w.org\/{rel}","templated":true}]}}