{"id":59,"date":"2020-08-01T08:27:14","date_gmt":"2020-08-01T08:27:14","guid":{"rendered":"https:\/\/wolfgangleeb.at\/?page_id=59"},"modified":"2021-02-04T12:15:57","modified_gmt":"2021-02-04T12:15:57","slug":"unser-leistungsspektrum-fuer-produzenten-und-marken","status":"publish","type":"page","link":"https:\/\/wolfgangleeb.at\/?page_id=59","title":{"rendered":"Unser Leistungsspektrum f\u00fcr Produzenten und Marken"},"content":{"rendered":"\t\t<div data-elementor-type=\"wp-page\" data-elementor-id=\"59\" class=\"elementor elementor-59\" data-elementor-settings=\"[]\">\n\t\t\t\t\t\t<div class=\"elementor-inner\">\n\t\t\t\t\t\t\t<div class=\"elementor-section-wrap\">\n\t\t\t\t\t\t\t<section class=\"elementor-section elementor-top-section elementor-element elementor-element-c07db14 elementor-section-stretched elementor-section-full_width elementor-section-height-default elementor-section-height-default\" data-id=\"c07db14\" data-element_type=\"section\" data-settings=\"{&quot;stretch_section&quot;:&quot;section-stretched&quot;}\">\n\t\t\t\t\t\t<div class=\"elementor-container elementor-column-gap-default\">\n\t\t\t\t\t\t\t<div class=\"elementor-row\">\n\t\t\t\t\t<div class=\"elementor-column elementor-col-100 elementor-top-column elementor-element elementor-element-3f856b3\" data-id=\"3f856b3\" data-element_type=\"column\">\n\t\t\t<div class=\"elementor-column-wrap elementor-element-populated\">\n\t\t\t\t\t\t\t<div class=\"elementor-widget-wrap\">\n\t\t\t\t\t\t<section class=\"elementor-section elementor-inner-section elementor-element elementor-element-6487cf3 elementor-section-boxed elementor-section-height-default elementor-section-height-default\" data-id=\"6487cf3\" data-element_type=\"section\">\n\t\t\t\t\t\t<div class=\"elementor-container elementor-column-gap-default\">\n\t\t\t\t\t\t\t<div class=\"elementor-row\">\n\t\t\t\t\t<div class=\"elementor-column elementor-col-50 elementor-inner-column elementor-element elementor-element-1ddded7\" data-id=\"1ddded7\" data-element_type=\"column\">\n\t\t\t<div class=\"elementor-column-wrap elementor-element-populated\">\n\t\t\t\t\t\t\t<div class=\"elementor-widget-wrap\">\n\t\t\t\t\t\t<div class=\"elementor-element elementor-element-8a173ea elementor-widget elementor-widget-text-editor\" data-id=\"8a173ea\" data-element_type=\"widget\" data-widget_type=\"text-editor.default\">\n\t\t\t\t<div class=\"elementor-widget-container\">\n\t\t\t\t\t<div class=\"elementor-text-editor elementor-clearfix\"><p>Business Development&nbsp;f\u00fcr Marken und Produzenten<\/p>\n<p><\/p>\n<p><span lang=\"DE-AT\" style=\"font-size: 11pt; line-height: 115%; font-family: Arial, sans-serif; background-image: initial; background-position: initial; background-size: initial; background-repeat: initial; background-attachment: initial; background-origin: initial; background-clip: initial;\">Top Kontakte zu den Handelskan\u00e4len&nbsp;&nbsp;<\/span><span style=\"color: var( --e-global-color-text ); font-family: var( --e-global-typography-text-font-family ), Sans-serif; font-weight: var( --e-global-typography-text-font-weight );\"><br><\/span><\/p>\n<p><span style=\"color: var( --e-global-color-text ); font-family: var( --e-global-typography-text-font-family ), Sans-serif; font-weight: var( --e-global-typography-text-font-weight );\">Markteintritt bzw. Wiedereintritt &amp; Produkteinf\u00fchrung<\/span><\/p>\n<p>Unterst\u00fctzung Ihrer Expansionsstrategie<\/p>\n<p>Vertriebsstrategie und -konzeption<\/p>\n<p>Vertriebsmanagement<\/p>\n<p>Go to Market Strategy<\/p>\n<p>Key Account Management&nbsp;bei Handelsketten (Direct Sales)<\/p>\n<p>Entwicklung und Betreuung nationaler Gro\u00dfh\u00e4ndler und Distributoren<\/p>\n<p>Marktzugang Handelsketten, &nbsp;LEH Diskonter,&nbsp; Gro\u00dfhandel, C+C<\/p>\n<p>Langj\u00e4hrige Verkaufs\/Vertriebserfahrung<\/p>\n<p>KnowHow \u00fcber die Organisation und die Bed\u00fcrfnisse des Einkaufsmanagements bei Handelsketten und Filialisten.<\/p>\n<p>Top Wissen der Organisation und Logistik der Handelsketten<\/p>\n<p>Entwicklung u. Vermarktung von Sortiments-und Aktionskonzepten.<\/p>\n<p>Entwicklung von Aktionskonzepten (optional)<\/p>\n<p>Handschlagqualit\u00e4t<\/p>\n<p>Vertriebsagentur \/ Handelsagentur<\/p>\n<p>Business&nbsp;Consulting<\/p>\n<p><img loading=\"lazy\" src=\"https:\/\/wolfgangleeb.at\/wp-content\/uploads\/2020\/12\/handshake.jpg\" alt=\"\" width=\"300\" height=\"248\">&nbsp;<\/p><\/div>\n\t\t\t\t<\/div>\n\t\t\t\t<\/div>\n\t\t\t\t\t\t<\/div>\n\t\t\t\t\t<\/div>\n\t\t<\/div>\n\t\t\t\t<div class=\"elementor-column elementor-col-50 elementor-inner-column elementor-element elementor-element-f015b31\" data-id=\"f015b31\" data-element_type=\"column\">\n\t\t\t<div class=\"elementor-column-wrap elementor-element-populated\">\n\t\t\t\t\t\t\t<div class=\"elementor-widget-wrap\">\n\t\t\t\t\t\t<div class=\"elementor-element elementor-element-0274657 elementor-widget elementor-widget-image\" data-id=\"0274657\" data-element_type=\"widget\" data-widget_type=\"image.default\">\n\t\t\t\t<div class=\"elementor-widget-container\">\n\t\t\t\t\t<div class=\"elementor-image\">\n\t\t\t\t\t\t\t\t\t\t<img width=\"500\" height=\"722\" src=\"https:\/\/wolfgangleeb.at\/wp-content\/uploads\/2020\/12\/DSC5362a.jpg\" class=\"attachment-full size-full\" alt=\"\" loading=\"lazy\" srcset=\"https:\/\/wolfgangleeb.at\/wp-content\/uploads\/2020\/12\/DSC5362a.jpg 500w, https:\/\/wolfgangleeb.at\/wp-content\/uploads\/2020\/12\/DSC5362a-208x300.jpg 208w, https:\/\/wolfgangleeb.at\/wp-content\/uploads\/2020\/12\/DSC5362a-480x693.jpg 480w\" sizes=\"(max-width: 500px) 100vw, 500px\" \/>\t\t\t\t\t\t\t\t\t\t\t<\/div>\n\t\t\t\t<\/div>\n\t\t\t\t<\/div>\n\t\t\t\t\t\t<\/div>\n\t\t\t\t\t<\/div>\n\t\t<\/div>\n\t\t\t\t\t\t\t\t<\/div>\n\t\t\t\t\t<\/div>\n\t\t<\/section>\n\t\t\t\t\t\t<\/div>\n\t\t\t\t\t<\/div>\n\t\t<\/div>\n\t\t\t\t\t\t\t\t<\/div>\n\t\t\t\t\t<\/div>\n\t\t<\/section>\n\t\t\t\t\t\t<\/div>\n\t\t\t\t\t\t<\/div>\n\t\t\t\t\t<\/div>\n\t\t","protected":false},"excerpt":{"rendered":"<p>Business Development&nbsp;f\u00fcr Marken und Produzenten Top Kontakte zu den Handelskan\u00e4len&nbsp;&nbsp; Markteintritt bzw. Wiedereintritt &amp; Produkteinf\u00fchrung Unterst\u00fctzung Ihrer Expansionsstrategie Vertriebsstrategie und -konzeption Vertriebsmanagement Go to Market Strategy Key Account Management&nbsp;bei Handelsketten&hellip;<\/p>\n","protected":false},"author":1,"featured_media":0,"parent":0,"menu_order":0,"comment_status":"closed","ping_status":"closed","template":"","meta":[],"_links":{"self":[{"href":"https:\/\/wolfgangleeb.at\/index.php?rest_route=\/wp\/v2\/pages\/59"}],"collection":[{"href":"https:\/\/wolfgangleeb.at\/index.php?rest_route=\/wp\/v2\/pages"}],"about":[{"href":"https:\/\/wolfgangleeb.at\/index.php?rest_route=\/wp\/v2\/types\/page"}],"author":[{"embeddable":true,"href":"https:\/\/wolfgangleeb.at\/index.php?rest_route=\/wp\/v2\/users\/1"}],"replies":[{"embeddable":true,"href":"https:\/\/wolfgangleeb.at\/index.php?rest_route=%2Fwp%2Fv2%2Fcomments&post=59"}],"version-history":[{"count":51,"href":"https:\/\/wolfgangleeb.at\/index.php?rest_route=\/wp\/v2\/pages\/59\/revisions"}],"predecessor-version":[{"id":897,"href":"https:\/\/wolfgangleeb.at\/index.php?rest_route=\/wp\/v2\/pages\/59\/revisions\/897"}],"wp:attachment":[{"href":"https:\/\/wolfgangleeb.at\/index.php?rest_route=%2Fwp%2Fv2%2Fmedia&parent=59"}],"curies":[{"name":"wp","href":"https:\/\/api.w.org\/{rel}","templated":true}]}}